{"id":891,"date":"2022-07-22T16:18:54","date_gmt":"2022-07-22T19:18:54","guid":{"rendered":"https:\/\/ab9.com.br\/ab9\/?page_id=891"},"modified":"2022-07-22T16:25:37","modified_gmt":"2022-07-22T19:25:37","slug":"servicos","status":"publish","type":"page","link":"https:\/\/ab9.com.br\/ab9\/servicos\/","title":{"rendered":"Servi\u00e7os"},"content":{"rendered":"\t\t<div data-elementor-type=\"wp-page\" data-elementor-id=\"891\" class=\"elementor elementor-891\" data-elementor-post-type=\"page\">\n\t\t\t\t\t\t\t\t\t<section class=\"elementor-section elementor-top-section elementor-element elementor-element-45dce3e elementor-section-boxed elementor-section-height-default elementor-section-height-default\" data-id=\"45dce3e\" data-element_type=\"section\" data-settings=\"{&quot;background_background&quot;:&quot;classic&quot;,&quot;jet_parallax_layout_list&quot;:[{&quot;jet_parallax_layout_image&quot;:{&quot;url&quot;:&quot;&quot;,&quot;id&quot;:&quot;&quot;,&quot;size&quot;:&quot;&quot;},&quot;_id&quot;:&quot;90e6bb7&quot;,&quot;jet_parallax_layout_image_laptop&quot;:{&quot;url&quot;:&quot;&quot;,&quot;id&quot;:&quot;&quot;,&quot;size&quot;:&quot;&quot;},&quot;jet_parallax_layout_image_tablet_extra&quot;:{&quot;url&quot;:&quot;&quot;,&quot;id&quot;:&quot;&quot;,&quot;size&quot;:&quot;&quot;},&quot;jet_parallax_layout_image_tablet&quot;:{&quot;url&quot;:&quot;&quot;,&quot;id&quot;:&quot;&quot;,&quot;size&quot;:&quot;&quot;},&quot;jet_parallax_layout_image_mobile_extra&quot;:{&quot;url&quot;:&quot;&quot;,&quot;id&quot;:&quot;&quot;,&quot;size&quot;:&quot;&quot;},&quot;jet_parallax_layout_image_mobile&quot;:{&quot;url&quot;:&quot;&quot;,&quot;id&quot;:&quot;&quot;,&quot;size&quot;:&quot;&quot;},&quot;jet_parallax_layout_speed&quot;:{&quot;unit&quot;:&quot;%&quot;,&quot;size&quot;:50,&quot;sizes&quot;:[]},&quot;jet_parallax_layout_type&quot;:&quot;scroll&quot;,&quot;jet_parallax_layout_direction&quot;:null,&quot;jet_parallax_layout_fx_direction&quot;:null,&quot;jet_parallax_layout_z_index&quot;:&quot;&quot;,&quot;jet_parallax_layout_bg_x&quot;:50,&quot;jet_parallax_layout_bg_x_laptop&quot;:&quot;&quot;,&quot;jet_parallax_layout_bg_x_tablet_extra&quot;:&quot;&quot;,&quot;jet_parallax_layout_bg_x_tablet&quot;:&quot;&quot;,&quot;jet_parallax_layout_bg_x_mobile_extra&quot;:&quot;&quot;,&quot;jet_parallax_layout_bg_x_mobile&quot;:&quot;&quot;,&quot;jet_parallax_layout_bg_y&quot;:50,&quot;jet_parallax_layout_bg_y_laptop&quot;:&quot;&quot;,&quot;jet_parallax_layout_bg_y_tablet_extra&quot;:&quot;&quot;,&quot;jet_parallax_layout_bg_y_tablet&quot;:&quot;&quot;,&quot;jet_parallax_layout_bg_y_mobile_extra&quot;:&quot;&quot;,&quot;jet_parallax_layout_bg_y_mobile&quot;:&quot;&quot;,&quot;jet_parallax_layout_bg_size&quot;:&quot;auto&quot;,&quot;jet_parallax_layout_bg_size_laptop&quot;:&quot;&quot;,&quot;jet_parallax_layout_bg_size_tablet_extra&quot;:&quot;&quot;,&quot;jet_parallax_layout_bg_size_tablet&quot;:&quot;&quot;,&quot;jet_parallax_layout_bg_size_mobile_extra&quot;:&quot;&quot;,&quot;jet_parallax_layout_bg_size_mobile&quot;:&quot;&quot;,&quot;jet_parallax_layout_animation_prop&quot;:&quot;transform&quot;,&quot;jet_parallax_layout_on&quot;:[&quot;desktop&quot;,&quot;tablet&quot;]}]}\" data-e-bg-lazyload=\".elementor-background-overlay\">\r\n\t\t\t\t\t\t<div class=\"elementor-background-overlay\"><\/div>\r\n\t\t\t\r\n\t\t\t\t\t\t\t<div class=\"elementor-container elementor-column-gap-default\">\r\n\t\t\t\t\t\t\t\t\t\t\t<div class=\"elementor-column elementor-col-100 elementor-top-column elementor-element elementor-element-c19e855\" data-id=\"c19e855\" data-element_type=\"column\">\r\n\t\t\t\t\t<div class=\"elementor-widget-wrap elementor-element-populated\">\r\n\t\t\t\t\t\t\t\t<div class=\"elementor-element elementor-element-0a2a311 elementor-widget elementor-widget-text-editor\" data-id=\"0a2a311\" data-element_type=\"widget\" data-widget_type=\"text-editor.default\">\n\t\t\t\t<div class=\"elementor-widget-container\">\n\t\t\t<style>\/*! elementor - v3.16.0 - 20-09-2023 *\/\n.elementor-widget-text-editor.elementor-drop-cap-view-stacked .elementor-drop-cap{background-color:#69727d;color:#fff}.elementor-widget-text-editor.elementor-drop-cap-view-framed .elementor-drop-cap{color:#69727d;border:3px solid;background-color:transparent}.elementor-widget-text-editor:not(.elementor-drop-cap-view-default) .elementor-drop-cap{margin-top:8px}.elementor-widget-text-editor:not(.elementor-drop-cap-view-default) .elementor-drop-cap-letter{width:1em;height:1em}.elementor-widget-text-editor .elementor-drop-cap{float:left;text-align:center;line-height:1;font-size:50px}.elementor-widget-text-editor .elementor-drop-cap-letter{display:inline-block}<\/style>\t\t\t\t<p>Marketing Estrat\u00e9gico para Marcas com Prop\u00f3sito<\/p>\t\t\t\t\t\t<\/div>\n\t\t\t\t<\/div>\n\t\t\t\t<div class=\"elementor-element elementor-element-ccff9c0 elementor-widget elementor-widget-image\" data-id=\"ccff9c0\" data-element_type=\"widget\" data-widget_type=\"image.default\">\n\t\t\t\t<div class=\"elementor-widget-container\">\n\t\t\t<style>\/*! elementor - v3.16.0 - 20-09-2023 *\/\n.elementor-widget-image{text-align:center}.elementor-widget-image a{display:inline-block}.elementor-widget-image a img[src$=\".svg\"]{width:48px}.elementor-widget-image img{vertical-align:middle;display:inline-block}<\/style>\t\t\t\t\t\t\t\t\t\t\t\t<img loading=\"lazy\" decoding=\"async\" width=\"1280\" height=\"720\" src=\"https:\/\/ab9.com.br\/ab9\/wp-content\/uploads\/2022\/07\/WhatsApp-Image-2022-07-14-at-11.17.26.jpeg\" class=\"attachment-full size-full wp-image-887\" alt=\"ab9 company agencia de marketing em bras\u00edlia\" srcset=\"https:\/\/ab9.com.br\/ab9\/wp-content\/uploads\/2022\/07\/WhatsApp-Image-2022-07-14-at-11.17.26.jpeg 1280w, https:\/\/ab9.com.br\/ab9\/wp-content\/uploads\/2022\/07\/WhatsApp-Image-2022-07-14-at-11.17.26-1024x576.jpeg 1024w, https:\/\/ab9.com.br\/ab9\/wp-content\/uploads\/2022\/07\/WhatsApp-Image-2022-07-14-at-11.17.26-768x432.jpeg 768w\" sizes=\"auto, (max-width: 1280px) 100vw, 1280px\" \/>\t\t\t\t\t\t\t\t\t\t\t\t\t\t\t<\/div>\n\t\t\t\t<\/div>\n\t\t\t\t\t<\/div>\r\n\t\t\t\t<\/div>\r\n\t\t\t\t\t<\/div>\r\n\t\t\t\t<\/section>\r\n\t\t\t\t\t\t\t<\/div>\n\t\t","protected":false},"excerpt":{"rendered":"<p>Marketing Estrat\u00e9gico para Marcas com Prop\u00f3sito<\/p>\n","protected":false},"author":1,"featured_media":0,"parent":0,"menu_order":0,"comment_status":"closed","ping_status":"closed","template":"elementor_header_footer","meta":{"footnotes":""},"class_list":["post-891","page","type-page","status-publish","hentry"],"yoast_head":"<!-- This site is optimized with the Yoast SEO plugin v21.3 - https:\/\/yoast.com\/wordpress\/plugins\/seo\/ -->\n<title>Servi\u00e7os - Ag\u00eancia de Marketing Digital em Bras\u00edlia<\/title>\n<meta name=\"robots\" content=\"noindex, follow, max-snippet:-1, max-image-preview:large, max-video-preview:-1\" \/>\n<meta property=\"og:locale\" content=\"pt_BR\" \/>\n<meta property=\"og:type\" content=\"article\" \/>\n<meta property=\"og:title\" content=\"Servi\u00e7os - Ag\u00eancia de Marketing Digital em Bras\u00edlia\" \/>\n<meta property=\"og:description\" content=\"Marketing Estrat\u00e9gico para Marcas com Prop\u00f3sito\" \/>\n<meta property=\"og:url\" content=\"https:\/\/ab9.com.br\/ab9\/servicos\/\" \/>\n<meta property=\"og:site_name\" content=\"Ag\u00eancia de Marketing Digital em Bras\u00edlia\" \/>\n<meta property=\"article:publisher\" content=\"https:\/\/www.facebook.com\/ab9company\/\" \/>\n<meta property=\"article:modified_time\" content=\"2022-07-22T19:25:37+00:00\" \/>\n<meta property=\"og:image\" content=\"https:\/\/ab9.com.br\/ab9\/wp-content\/uploads\/2022\/07\/WhatsApp-Image-2022-07-14-at-11.17.26.jpeg\" \/>\n<meta name=\"twitter:card\" content=\"summary_large_image\" \/>\n<meta name=\"twitter:label1\" content=\"Est. tempo de leitura\" \/>\n\t<meta name=\"twitter:data1\" content=\"1 minuto\" \/>\n<script type=\"application\/ld+json\" class=\"yoast-schema-graph\">{\"@context\":\"https:\/\/schema.org\",\"@graph\":[{\"@type\":\"WebPage\",\"@id\":\"https:\/\/ab9.com.br\/ab9\/servicos\/\",\"url\":\"https:\/\/ab9.com.br\/ab9\/servicos\/\",\"name\":\"Servi\u00e7os - Ag\u00eancia de Marketing Digital em Bras\u00edlia\",\"isPartOf\":{\"@id\":\"https:\/\/ab9.com.br\/ab9\/#website\"},\"datePublished\":\"2022-07-22T19:18:54+00:00\",\"dateModified\":\"2022-07-22T19:25:37+00:00\",\"breadcrumb\":{\"@id\":\"https:\/\/ab9.com.br\/ab9\/servicos\/#breadcrumb\"},\"inLanguage\":\"pt-BR\",\"potentialAction\":[{\"@type\":\"ReadAction\",\"target\":[\"https:\/\/ab9.com.br\/ab9\/servicos\/\"]}]},{\"@type\":\"BreadcrumbList\",\"@id\":\"https:\/\/ab9.com.br\/ab9\/servicos\/#breadcrumb\",\"itemListElement\":[{\"@type\":\"ListItem\",\"position\":1,\"name\":\"In\u00edcio\",\"item\":\"https:\/\/ab9.com.br\/ab9\/\"},{\"@type\":\"ListItem\",\"position\":2,\"name\":\"Servi\u00e7os\"}]},{\"@type\":\"WebSite\",\"@id\":\"https:\/\/ab9.com.br\/ab9\/#website\",\"url\":\"https:\/\/ab9.com.br\/ab9\/\",\"name\":\"Ag\u00eancia de Marketing Digital em Bras\u00edlia\",\"description\":\"Somos uma ag\u00eancia de marketing e publicidade localizada em Bras\u00edlia. Nossa miss\u00e3o \u00e9 trazer resultados e aumentar a visibilidade da sua empresa na internet. Somos a pe\u00e7a chave para alcan\u00e7ar as suas metas, vem com a AB9!\",\"potentialAction\":[{\"@type\":\"SearchAction\",\"target\":{\"@type\":\"EntryPoint\",\"urlTemplate\":\"https:\/\/ab9.com.br\/ab9\/?s={search_term_string}\"},\"query-input\":\"required name=search_term_string\"}],\"inLanguage\":\"pt-BR\"}]}<\/script>\n<!-- \/ Yoast SEO plugin. -->","yoast_head_json":{"title":"Servi\u00e7os - Ag\u00eancia de Marketing Digital em Bras\u00edlia","robots":{"index":"noindex","follow":"follow","max-snippet":"max-snippet:-1","max-image-preview":"max-image-preview:large","max-video-preview":"max-video-preview:-1"},"og_locale":"pt_BR","og_type":"article","og_title":"Servi\u00e7os - Ag\u00eancia de Marketing Digital em Bras\u00edlia","og_description":"Marketing Estrat\u00e9gico para Marcas com Prop\u00f3sito","og_url":"https:\/\/ab9.com.br\/ab9\/servicos\/","og_site_name":"Ag\u00eancia de Marketing Digital em Bras\u00edlia","article_publisher":"https:\/\/www.facebook.com\/ab9company\/","article_modified_time":"2022-07-22T19:25:37+00:00","og_image":[{"url":"https:\/\/ab9.com.br\/ab9\/wp-content\/uploads\/2022\/07\/WhatsApp-Image-2022-07-14-at-11.17.26.jpeg"}],"twitter_card":"summary_large_image","twitter_misc":{"Est. tempo de leitura":"1 minuto"},"schema":{"@context":"https:\/\/schema.org","@graph":[{"@type":"WebPage","@id":"https:\/\/ab9.com.br\/ab9\/servicos\/","url":"https:\/\/ab9.com.br\/ab9\/servicos\/","name":"Servi\u00e7os - Ag\u00eancia de Marketing Digital em Bras\u00edlia","isPartOf":{"@id":"https:\/\/ab9.com.br\/ab9\/#website"},"datePublished":"2022-07-22T19:18:54+00:00","dateModified":"2022-07-22T19:25:37+00:00","breadcrumb":{"@id":"https:\/\/ab9.com.br\/ab9\/servicos\/#breadcrumb"},"inLanguage":"pt-BR","potentialAction":[{"@type":"ReadAction","target":["https:\/\/ab9.com.br\/ab9\/servicos\/"]}]},{"@type":"BreadcrumbList","@id":"https:\/\/ab9.com.br\/ab9\/servicos\/#breadcrumb","itemListElement":[{"@type":"ListItem","position":1,"name":"In\u00edcio","item":"https:\/\/ab9.com.br\/ab9\/"},{"@type":"ListItem","position":2,"name":"Servi\u00e7os"}]},{"@type":"WebSite","@id":"https:\/\/ab9.com.br\/ab9\/#website","url":"https:\/\/ab9.com.br\/ab9\/","name":"Ag\u00eancia de Marketing Digital em Bras\u00edlia","description":"Somos uma ag\u00eancia de marketing e publicidade localizada em Bras\u00edlia. Nossa miss\u00e3o \u00e9 trazer resultados e aumentar a visibilidade da sua empresa na internet. Somos a pe\u00e7a chave para alcan\u00e7ar as suas metas, vem com a AB9!","potentialAction":[{"@type":"SearchAction","target":{"@type":"EntryPoint","urlTemplate":"https:\/\/ab9.com.br\/ab9\/?s={search_term_string}"},"query-input":"required name=search_term_string"}],"inLanguage":"pt-BR"}]}},"_links":{"self":[{"href":"https:\/\/ab9.com.br\/ab9\/wp-json\/wp\/v2\/pages\/891","targetHints":{"allow":["GET"]}}],"collection":[{"href":"https:\/\/ab9.com.br\/ab9\/wp-json\/wp\/v2\/pages"}],"about":[{"href":"https:\/\/ab9.com.br\/ab9\/wp-json\/wp\/v2\/types\/page"}],"author":[{"embeddable":true,"href":"https:\/\/ab9.com.br\/ab9\/wp-json\/wp\/v2\/users\/1"}],"replies":[{"embeddable":true,"href":"https:\/\/ab9.com.br\/ab9\/wp-json\/wp\/v2\/comments?post=891"}],"version-history":[{"count":4,"href":"https:\/\/ab9.com.br\/ab9\/wp-json\/wp\/v2\/pages\/891\/revisions"}],"predecessor-version":[{"id":897,"href":"https:\/\/ab9.com.br\/ab9\/wp-json\/wp\/v2\/pages\/891\/revisions\/897"}],"wp:attachment":[{"href":"https:\/\/ab9.com.br\/ab9\/wp-json\/wp\/v2\/media?parent=891"}],"curies":[{"name":"wp","href":"https:\/\/api.w.org\/{rel}","templated":true}]}}